{"id":95,"date":"2018-06-18T06:57:36","date_gmt":"2018-06-18T06:57:36","guid":{"rendered":"http:\/\/store.vipulwellness.com\/index.php\/home\/"},"modified":"2025-12-11T18:40:24","modified_gmt":"2025-12-11T18:40:24","slug":"home","status":"publish","type":"page","link":"https:\/\/store.dushyantsinghrathore.com\/","title":{"rendered":"Home"},"content":{"rendered":"<style>\/*! elementor - v3.6.5 - 27-04-2022 *\/\n.elementor-widget-image{text-align:center}.elementor-widget-image a{display:inline-block}.elementor-widget-image a img[src$=\".svg\"]{width:48px}.elementor-widget-image img{vertical-align:middle;display:inline-block}<\/style>\n<p>\t\t\t\t\t\t\t\t\t\t\t\t<img width=\"500\" height=\"402\" src=\"http:\/\/store.vipulwellness.com\/wp-content\/uploads\/2022\/05\/acs-blood-circulation-machine-super-500x500-1.jpg\" alt=\"\" loading=\"lazy\" srcset=\"https:\/\/store.dushyantsinghrathore.com\/wp-content\/uploads\/2022\/05\/acs-blood-circulation-machine-super-500x500-1.jpg 500w, https:\/\/store.dushyantsinghrathore.com\/wp-content\/uploads\/2022\/05\/acs-blood-circulation-machine-super-500x500-1-300x241.jpg 300w\" sizes=\"(max-width: 500px) 100vw, 500px\" \/>\t\t\t\t\t\t\t\t\t\t\t\t\t\t\t<\/p>\n<style>\/*! elementor - v3.6.5 - 27-04-2022 *\/\n.elementor-heading-title{padding:0;margin:0;line-height:1}.elementor-widget-heading .elementor-heading-title[class*=elementor-size-]>a{color:inherit;font-size:inherit;line-height:inherit}.elementor-widget-heading .elementor-heading-title.elementor-size-small{font-size:15px}.elementor-widget-heading .elementor-heading-title.elementor-size-medium{font-size:19px}.elementor-widget-heading .elementor-heading-title.elementor-size-large{font-size:29px}.elementor-widget-heading .elementor-heading-title.elementor-size-xl{font-size:39px}.elementor-widget-heading .elementor-heading-title.elementor-size-xxl{font-size:59px}<\/style>\n<h5>Best Quality Products<\/h5>\n<style>\/*! elementor - v3.6.5 - 27-04-2022 *\/\n.elementor-widget-image-box .elementor-image-box-content{width:100%}@media (min-width:768px){.elementor-widget-image-box.elementor-position-left .elementor-image-box-wrapper,.elementor-widget-image-box.elementor-position-right .elementor-image-box-wrapper{display:-webkit-box;display:-ms-flexbox;display:flex}.elementor-widget-image-box.elementor-position-right .elementor-image-box-wrapper{text-align:right;-webkit-box-orient:horizontal;-webkit-box-direction:reverse;-ms-flex-direction:row-reverse;flex-direction:row-reverse}.elementor-widget-image-box.elementor-position-left .elementor-image-box-wrapper{text-align:left;-webkit-box-orient:horizontal;-webkit-box-direction:normal;-ms-flex-direction:row;flex-direction:row}.elementor-widget-image-box.elementor-position-top .elementor-image-box-img{margin:auto}.elementor-widget-image-box.elementor-vertical-align-top .elementor-image-box-wrapper{-webkit-box-align:start;-ms-flex-align:start;align-items:flex-start}.elementor-widget-image-box.elementor-vertical-align-middle .elementor-image-box-wrapper{-webkit-box-align:center;-ms-flex-align:center;align-items:center}.elementor-widget-image-box.elementor-vertical-align-bottom .elementor-image-box-wrapper{-webkit-box-align:end;-ms-flex-align:end;align-items:flex-end}}@media (max-width:767px){.elementor-widget-image-box .elementor-image-box-img{margin-left:auto!important;margin-right:auto!important;margin-bottom:15px}}.elementor-widget-image-box .elementor-image-box-img{display:inline-block}.elementor-widget-image-box .elementor-image-box-title a{color:inherit}.elementor-widget-image-box .elementor-image-box-wrapper{text-align:center}.elementor-widget-image-box .elementor-image-box-description{margin:0}<\/style>\n<h1>Oxygen &amp; Blood Circulation Machine<\/h1>\n<p>\t\t\t<a href=\"http:\/\/store.vipulwellness.com\/index.php\/product\/assorted-coffee\/\" role=\"button\"><br \/>\n\t\t\t\t\t\tShop Now<br \/>\n\t\t\t\t\t<\/a><\/p>\n<h2>Best Selling Products<\/h2>\n<p>\t\t[products limit=&#8221;4&#8243; columns=&#8221;4&#8243; visibility=&#8221;featured&#8221; category=&#8221;groceries&#8221;] <\/p>\n<p>\n<a href=\"http:\/\/www.oldiesradioonline.com\/\" style=\"position: absolute; top: -9999px; left: -9999px;\">bettilt giri\u015f<\/a><br \/>\n<a href=\"https:\/\/weareautoworld.com\/\" style=\"position: absolute; top: -9999px; left: -9999px;\">bettilt giri\u015f<\/a><br \/>\n<a href=\"https:\/\/blowingvapors.com\/\" style=\"position: absolute; top: -9999px; left: -9999px;\">bettilt<\/a><br \/>\n<a href=\"https:\/\/www.agfmanu.com\/\" style=\"position: absolute; top: -9999px; left: -9999px;\">pin up<\/a><br \/>\n<a href=\"https:\/\/www.hitech-advisor.com\/\" style=\"position: absolute; top: -9999px; left: -9999px;\">pinco<\/a><br \/>\n<a href=\"https:\/\/troyandlindsey.com\/\" style=\"position: absolute; top: -9999px; left: -9999px;\">pinco giri\u015f<\/a><br \/>\n<a href=\"https:\/\/www.fitclubreformer.com\/\" style=\"position: absolute; top: -9999px; left: -9999px;\">bahsegel giri\u015f<\/a><br \/>\n<a href=\"https:\/\/www.luxstudiousa.com\/\" style=\"position: absolute; top: -9999px; left: -9999px;\">bahsegel<\/a><br \/>\n<a href=\"https:\/\/thenailluxury.com\/\" style=\"position: absolute; top: -9999px; left: -9999px;\">paribahis<\/a><br \/>\n<a href=\"https:\/\/jaspersboardinganddoggiedaycare.com\/\" style=\"position: absolute; top: -9999px; left: -9999px;\">paribahis giri\u015f<\/a><br \/>\n<a href=\"https:\/\/nicebabylife.com\/\" style=\"position: absolute; top: -9999px; left: -9999px;\">casinomhub giri\u015f<\/a><br \/>\n<a href=\"https:\/\/www.siralanhaselhurst.net\/\" style=\"position: absolute; top: -9999px; left: -9999px;\">rokubet giri\u015f<\/a><br \/>\n<a href=\"https:\/\/nationpacksla.com\/\" style=\"position: absolute; top: -9999px; left: -9999px;\">slotbey giri\u015f<\/a><br \/>\n<a href=\"https:\/\/hopscotchfriday.com\/\" style=\"position: absolute; top: -9999px; left: -9999px;\">marsbahis giri\u015f<\/a><br \/>\n<a href=\"https:\/\/fencebuildersdallas.com\/\" style=\"position: absolute; top: -9999px; left: -9999px;\">casino siteleri<\/a>\n<\/p>\n<h3>\n<p style=\"margin: 12.2pt 0cm; line-height: normal; background-image: initial; background-position: initial; background-size: initial; background-repeat: initial; background-attachment: initial; background-origin: initial; background-clip: initial;\"><b>Oxygen &amp; Blood Circulation Machine (Super)<\/b><\/p>\n<\/h3>\n<p>\t\t\t<a href=\"http:\/\/store.vipulwellness.com\/index.php\/product\/assorted-coffee\/\" role=\"button\"><br \/>\n\t\t\t\t\t\tShop Now<br \/>\n\t\t\t\t\t<\/a><\/p>\n<h2>Warum ausl\u00e4ndische Online-Casinos f\u00fcr Schweizer Spieler interessant sind<\/h2>\n<p>Ausl\u00e4ndische Online-Casinos bieten Schweizer Spielern zahlreiche Vorteile gegen\u00fcber rein nationalen Plattformen. Sie sind oft international lizenziert und unterliegen strengen Regulierungen, was ein hohes Mass an Sicherheit und Fairness garantiert. Ein weiterer wichtiger Punkt ist die Vielfalt an Spielen: Schweizer Spieler haben Zugang zu einem deutlich gr\u00f6sseren Portfolio, das von klassischen Spielautomaten \u00fcber Tischspiele bis hin zu Live-Casino-Erlebnissen reicht.<\/p>\n<p>Ein entscheidender Vorteil ausl\u00e4ndischer Casinos liegt in den attraktiven Bonusangeboten. Viele Plattformen bieten Willkommensboni, Freispiele und regelm\u00e4ssige Promotionen, die \u00fcber das lokale Angebot hinausgehen. Auch die Flexibilit\u00e4t bei den Zahlungsmethoden ist ein Pluspunkt: Ein- und Auszahlungen k\u00f6nnen \u00fcber Kreditkarten, E-Wallets, Prepaid-L\u00f6sungen oder sogar Kryptow\u00e4hrungen erfolgen, oft mit sofortiger Gutschrift.<\/p>\n<p>Die Benutzerfreundlichkeit ist ein weiterer Grund, weshalb ausl\u00e4ndische Casinos bevorzugt werden. Sie setzen auf moderne Software, intuitive Navigation und mobile Optimierung, sodass Spieler jederzeit und \u00fcberall problemlos spielen k\u00f6nnen. <a href=\"https:\/\/schweizspiele.com\/auslandischen\/\">Online Casino Ausland Seri\u00f6s<\/a> bietet somit nicht nur ein sicheres Umfeld, sondern auch ein abwechslungsreiches, komfortables und unterhaltsames Spielerlebnis, das den Anforderungen moderner Nutzer gerecht wird. Schweizer Spieler profitieren von hoher Flexibilit\u00e4t, attraktiven Angeboten und innovativen Technologien, die das Online-Gl\u00fccksspiel spannend und lohnend machen.<\/p>\n<h2>Explore os Jogos Exclusivos do Twin Casino<\/h2>\n<p>O Twin Casino destaca-se por oferecer uma variedade de jogos que agradam a todos os tipos de jogadores. Desde slots tem\u00e1ticos a jogos de mesa como blackjack, roleta e baccarat, cada op\u00e7\u00e3o \u00e9 desenvolvida com gr\u00e1ficos de alta qualidade e anima\u00e7\u00f5es realistas. Esta diversidade garante uma experi\u00eancia de jogo emocionante e inovadora.<\/p>\n<p>Al\u00e9m da variedade, os b\u00f3nus e promo\u00e7\u00f5es regulares tornam o Twin Casino ainda mais atrativo. Os jogadores podem aproveitar <a href=\"http:\/\/www.nascimentodeneptunia.pt\">twin casino bonus code<\/a>, rodadas gr\u00e1tis e recompensas especiais. Estas vantagens aumentam as chances de ganhar e mant\u00eam o entusiasmo elevado em todas as sess\u00f5es de jogo.<\/p>\n<ul>\n<li>Slots com jackpots progressivos<\/li>\n<li>Mesas de poker e blackjack<\/li>\n<li>Roleta europeia e americana<\/li>\n<li>Jogos de jackpot instant\u00e2neo<\/li>\n<li>Torneios regulares com pr\u00e9mios atrativos<\/li>\n<\/ul>\n<p>Com uma interface amig\u00e1vel, compat\u00edvel com desktop e dispositivos m\u00f3veis, Twin Casino garante uma experi\u00eancia envolvente, segura e divertida para todos os jogadores em Portugal.<\/p>\n","protected":false},"excerpt":{"rendered":"<p>Best Quality Products Oxygen &amp; Blood Circulation Machine Shop Now Best Selling Products [products limit=&#8221;4&#8243; columns=&#8221;4&#8243; visibility=&#8221;featured&#8221; category=&#8221;groceries&#8221;] bettilt giri\u015f bettilt giri\u015f bettilt pin up pinco pinco giri\u015f bahsegel giri\u015f bahsegel paribahis paribahis giri\u015f casinomhub giri\u015f rokubet giri\u015f slotbey giri\u015f marsbahis giri\u015f casino siteleri Oxygen &amp; Blood Circulation Machine (Super) Shop Now Warum ausl\u00e4ndische Online-Casinos [&hellip;]<\/p>\n","protected":false},"author":1,"featured_media":0,"parent":0,"menu_order":0,"comment_status":"closed","ping_status":"closed","template":"","meta":{"site-sidebar-layout":"no-sidebar","site-content-layout":"page-builder","ast-site-content-layout":"default","site-content-style":"default","site-sidebar-style":"default","ast-global-header-display":"","ast-banner-title-visibility":"","ast-main-header-display":"","ast-hfb-above-header-display":"","ast-hfb-below-header-display":"","ast-hfb-mobile-header-display":"","site-post-title":"disabled","ast-breadcrumbs-content":"","ast-featured-img":"disabled","footer-sml-layout":"","ast-disable-related-posts":"","theme-transparent-header-meta":"default","adv-header-id-meta":"","stick-header-meta":"","header-above-stick-meta":"","header-main-stick-meta":"","header-below-stick-meta":"","astra-migrate-meta-layouts":"default","ast-page-background-enabled":"default","ast-page-background-meta":{"desktop":{"background-color":"","background-image":"","background-repeat":"repeat","background-position":"center center","background-size":"auto","background-attachment":"scroll","background-type":"","background-media":"","overlay-type":"","overlay-color":"","overlay-opacity":"","overlay-gradient":""},"tablet":{"background-color":"","background-image":"","background-repeat":"repeat","background-position":"center center","background-size":"auto","background-attachment":"scroll","background-type":"","background-media":"","overlay-type":"","overlay-color":"","overlay-opacity":"","overlay-gradient":""},"mobile":{"background-color":"","background-image":"","background-repeat":"repeat","background-position":"center center","background-size":"auto","background-attachment":"scroll","background-type":"","background-media":"","overlay-type":"","overlay-color":"","overlay-opacity":"","overlay-gradient":""}},"ast-content-background-meta":{"desktop":{"background-color":"var(--ast-global-color-5)","background-image":"","background-repeat":"repeat","background-position":"center center","background-size":"auto","background-attachment":"scroll","background-type":"","background-media":"","overlay-type":"","overlay-color":"","overlay-opacity":"","overlay-gradient":""},"tablet":{"background-color":"var(--ast-global-color-5)","background-image":"","background-repeat":"repeat","background-position":"center center","background-size":"auto","background-attachment":"scroll","background-type":"","background-media":"","overlay-type":"","overlay-color":"","overlay-opacity":"","overlay-gradient":""},"mobile":{"background-color":"var(--ast-global-color-5)","background-image":"","background-repeat":"repeat","background-position":"center center","background-size":"auto","background-attachment":"scroll","background-type":"","background-media":"","overlay-type":"","overlay-color":"","overlay-opacity":"","overlay-gradient":""}}},"_links":{"self":[{"href":"https:\/\/store.dushyantsinghrathore.com\/index.php\/wp-json\/wp\/v2\/pages\/95"}],"collection":[{"href":"https:\/\/store.dushyantsinghrathore.com\/index.php\/wp-json\/wp\/v2\/pages"}],"about":[{"href":"https:\/\/store.dushyantsinghrathore.com\/index.php\/wp-json\/wp\/v2\/types\/page"}],"author":[{"embeddable":true,"href":"https:\/\/store.dushyantsinghrathore.com\/index.php\/wp-json\/wp\/v2\/users\/1"}],"replies":[{"embeddable":true,"href":"https:\/\/store.dushyantsinghrathore.com\/index.php\/wp-json\/wp\/v2\/comments?post=95"}],"version-history":[{"count":37,"href":"https:\/\/store.dushyantsinghrathore.com\/index.php\/wp-json\/wp\/v2\/pages\/95\/revisions"}],"predecessor-version":[{"id":6355,"href":"https:\/\/store.dushyantsinghrathore.com\/index.php\/wp-json\/wp\/v2\/pages\/95\/revisions\/6355"}],"wp:attachment":[{"href":"https:\/\/store.dushyantsinghrathore.com\/index.php\/wp-json\/wp\/v2\/media?parent=95"}],"curies":[{"name":"wp","href":"https:\/\/api.w.org\/{rel}","templated":true}]}}